{"id":716,"date":"2019-11-24T15:21:53","date_gmt":"2019-11-24T15:21:53","guid":{"rendered":"http:\/\/politeamadianese.com\/?page_id=716"},"modified":"2019-11-24T15:22:24","modified_gmt":"2019-11-24T15:22:24","slug":"la-stagione-del-teatro-2010","status":"publish","type":"page","link":"https:\/\/politeamadianese.com\/?page_id=716","title":{"rendered":"La Stagione Del Teatro 2010"},"content":{"rendered":"<div id=\"content\">\n<div class=\"my_text_sezione\">\n<div class=\"my_cerca\">\n<div align=\"center\">\n<p align=\"center\"><span style=\"font-family: Times New Roman; font-size: x-large;\"><em><strong>Politeama Dianese<\/strong><\/em><\/span><\/p>\n<p align=\"center\"><span style=\"font-family: Times New Roman; font-size: x-large;\"><em><strong>Teatro Sandro Palmieri<\/strong><\/em><\/span><\/p>\n<p align=\"center\"><span style=\"color: #ff0000; font-family: Times New Roman; font-size: xx-large;\"><em><strong>LA STAGIONE DEL TEATRO<\/strong><\/em><\/span><\/p>\n<p align=\"center\"><strong><span style=\"color: #ff0000; font-family: Times New Roman; font-size: x-large;\"><em>CARTELLONE 2010<\/em><\/span><\/strong><\/p>\n<p align=\"center\"><em><u><span style=\"font-size: medium;\">Direzione Artistica <strong>Dianorama<\/strong> e<strong> Clara Costanzo<\/strong><\/span><\/u><\/em><\/p>\n<p align=\"center\"><span style=\"color: #ff0000;\">\u2248&nbsp;\u2248 \u2248<\/span><\/p>\n<p align=\"center\"><span style=\"font-size: small;\"><em>LUN 11 GENNAIO<\/em><\/span><\/p>\n<p align=\"center\"><span style=\"color: #ff9900; font-size: x-large;\"><em><strong>UN GIARDINO DI ARANCI FATTO IN CASA<\/strong><\/em><\/span><\/p>\n<p align=\"center\">di NEIL SIMON adattamento Mario Scaletta<\/p>\n<p align=\"center\">con GIANFRANCO D&#8217;ANGELO, IVANA MONTI<\/p>\n<p align=\"center\">regia di PATRICK ROSSI GASTALD<\/p>\n<p align=\"center\">(SPETTACOLO NON COMPRESO NELL&#8217;ABBONAMENTO)<\/p>\n<p align=\"center\"><span style=\"color: #ff0000;\">\u2248 \u2248 \u2248<\/span><\/p>\n<p align=\"center\"><span style=\"font-size: small;\"><em>LUN&nbsp;25 GENNAIO<\/em><\/span><\/p>\n<p align=\"center\"><span style=\"color: #ff9900; font-size: x-large;\"><em><strong>ULTIMA CHIAMATA<\/strong><\/em><\/span><\/p>\n<p align=\"center\">di JOSIANE BALASKO traduzione di MARZIA SPANU<\/p>\n<p align=\"center\">con PINO QUARTULLO, PAOLA TIZIANA CRUCIANI<\/p>\n<p align=\"center\">regia di PINO QUARTULLO<\/p>\n<p align=\"center\"><span style=\"color: #ff0000;\">\u2248 \u2248 \u2248<\/span><\/p>\n<p align=\"center\"><span style=\"font-size: small;\"><em>LUN&nbsp;8 FEBBRAIO<\/em><\/span><\/p>\n<p align=\"center\"><em><strong><span style=\"color: #ff9900; font-size: x-large;\">BEN HUR<\/span><\/strong><\/em><\/p>\n<p align=\"center\">di GIANNI CLEMENTI<\/p>\n<p align=\"center\">con PAOLO TRIESTINO, NICOLA PISTOIA<\/p>\n<p align=\"center\">regia di NICOLA PISTOIA<\/p>\n<p align=\"center\"><span style=\"color: #ff0000;\">\u2248 \u2248 \u2248<\/span><\/p>\n<p align=\"center\"><span style=\"font-size: small;\"><em>LUN&nbsp;22 FEBBRAIO<\/em><\/span><\/p>\n<p align=\"center\"><span style=\"color: #ff9900; font-size: x-large;\"><em><strong>RAGAZZE<\/strong><\/em><\/span><\/p>\n<p align=\"center\"><span style=\"color: #ff9900; font-size: x-large;\"><em><strong>Nelle Lande Scoperchiate Del Fuori<\/strong><\/em><\/span><\/p>\n<p align=\"center\">di LELLA COSTA, MASSIMO CIRRI, GIOGIO GALLIONE<\/p>\n<p align=\"center\">con LELLA COSTA<\/p>\n<p align=\"center\">regia di GIORGIO GALLIONE<\/p>\n<p align=\"center\"><span style=\"color: #ff0000;\">\u2248 \u2248 \u2248<\/span><\/p>\n<p align=\"center\"><span style=\"font-size: small;\"><em>LUN&nbsp;8 MARZO<\/em><\/span><\/p>\n<p align=\"center\"><span style=\"color: #ff9900; font-size: x-large;\"><em><strong>USCITA DI EMERGENZA<\/strong><\/em><\/span><\/p>\n<p align=\"center\">di MANLIO SANTANELLI<\/p>\n<p align=\"center\">con LELLO ARENA, SEBASTIANO TRINGALI<\/p>\n<p align=\"center\">regia di GIANCARLO SAMMARTANO<\/p>\n<p align=\"center\">\n<p align=\"center\">\n<hr>\n<p>&nbsp;<\/p>\n<p align=\"center\"><span style=\"font-family: Verdana,Arial,Helvetica,sans-serif; font-size: xx-small;\"><strong><span style=\"font-size: small;\">ABBONAMENTI<\/span><\/strong><br \/>\nABBONAMENTO UNICO per&nbsp;4 spettacoli (fuori abbonamento \u201cUN GIARDINO DI ARANCI FATTO IN CASA\u201d)<br \/>\nPrimi Posti Euro 80,00<br \/>\nSecondi Posti Euro 64,00<br \/>\nGalleria Euro 58,00<br \/>\nRidotti Galleria Euro 44,00<\/span><\/p>\n<p align=\"center\"><span style=\"font-family: Verdana,Arial,Helvetica,sans-serif; font-size: xx-small;\">Gli abbonati della Stagione 2009 hanno la possibilit\u00e0 di riconfermare la stessa poltrona. Tale diritto potr\u00e0 essere esercitato entro e non oltre il giorno 8 dicembre 2009. Per i nuovi abbonati la prevendita inizier\u00e0 il giorno 9 dicembre 2009.<\/span><\/p>\n<p>Gli abbonati potranno avvalersi del diritto di prelazione per lo spettacolo non incluso nell\u2019abbonamento (\u201cUN GIARDINO DI ARANCI FATTO IN CASA\u201d) entro e non oltre il 7 gennaio 2010<\/p>\n<p><strong><span style=\"font-size: small;\">SINGOLA RAPPRESENTAZIONE<\/span><\/strong><br \/>\nPRIMI POSTI Euro 22,00<br \/>\nSECONDI POSTI Euro 18,00<br \/>\nGALLERIA Euro 16,00<br \/>\nPer le persone sotto i 18 anni e oltre i 65 anni<br \/>\nsar\u00e0 praticata la riduzione solo Galleria a Euro 12,00<\/p>\n<p align=\"center\"><span style=\"font-family: Verdana,Arial,Helvetica,sans-serif; font-size: xx-small;\">L\u2019orario di botteghino per le prevendite dei biglietti sar\u00e0 dalle ore 17,00 alle ore 19,00 e durante il normale orario di apertura della sala a partire da 7 giorni prima di ogni spettacolo<\/span><\/p>\n<\/div>\n<\/div>\n<\/div>\n<div class=\"my_text_foot2\"><\/div>\n<\/div>\n<div class=\"clean\"><\/div>\n<div class=\"footer\">\u00a92015 Dianorama &#8211; <a href=\"https:\/\/lvps46-163-113-20.dedicated.hosteurope.de:8443\/sitepreview\/http\/dianese.it\/index.php?p=privacy\">Privacy e regolamento<\/a> &#8211; <a class=\"_blank\" href=\"https:\/\/lvps46-163-113-20.dedicated.hosteurope.de:8443\/sitepreview\/http\/dianese.it\/admin\" target=\"_blank\" rel=\"noopener noreferrer\">Amministrazione<\/a> &#8211; Propriet\u00e0 di <a class=\"_blank\" href=\"http:\/\/www.dianorama.com\" target=\"_blank\" rel=\"noopener noreferrer\">Dianorama s.n.c.<\/a> &#8211; Powere<\/div>\n","protected":false},"excerpt":{"rendered":"<p>Politeama Dianese Teatro Sandro Palmieri LA STAGIONE DEL TEATRO CARTELLONE 2010 Direzione Artistica Dianorama e Clara Costanzo \u2248&nbsp;\u2248 \u2248 LUN 11 GENNAIO UN GIARDINO DI ARANCI FATTO IN CASA di NEIL SIMON adattamento Mario Scaletta con GIANFRANCO D&#8217;ANGELO, IVANA MONTI regia di PATRICK ROSSI GASTALD (SPETTACOLO NON COMPRESO NELL&#8217;ABBONAMENTO) \u2248 \u2026 <a class=\"continue-reading-link\" href=\"https:\/\/politeamadianese.com\/?page_id=716\">Leggi tutto <span class=\"meta-nav\">&rarr; <\/span><\/a><\/p>\n","protected":false},"author":1,"featured_media":0,"parent":0,"menu_order":0,"comment_status":"closed","ping_status":"closed","template":"","meta":{"jetpack_post_was_ever_published":false,"footnotes":""},"class_list":["post-716","page","type-page","status-publish","hentry"],"jetpack_sharing_enabled":true,"jetpack_shortlink":"https:\/\/wp.me\/P6wVPA-by","_links":{"self":[{"href":"https:\/\/politeamadianese.com\/index.php?rest_route=\/wp\/v2\/pages\/716","targetHints":{"allow":["GET"]}}],"collection":[{"href":"https:\/\/politeamadianese.com\/index.php?rest_route=\/wp\/v2\/pages"}],"about":[{"href":"https:\/\/politeamadianese.com\/index.php?rest_route=\/wp\/v2\/types\/page"}],"author":[{"embeddable":true,"href":"https:\/\/politeamadianese.com\/index.php?rest_route=\/wp\/v2\/users\/1"}],"replies":[{"embeddable":true,"href":"https:\/\/politeamadianese.com\/index.php?rest_route=%2Fwp%2Fv2%2Fcomments&post=716"}],"version-history":[{"count":3,"href":"https:\/\/politeamadianese.com\/index.php?rest_route=\/wp\/v2\/pages\/716\/revisions"}],"predecessor-version":[{"id":2435,"href":"https:\/\/politeamadianese.com\/index.php?rest_route=\/wp\/v2\/pages\/716\/revisions\/2435"}],"wp:attachment":[{"href":"https:\/\/politeamadianese.com\/index.php?rest_route=%2Fwp%2Fv2%2Fmedia&parent=716"}],"curies":[{"name":"wp","href":"https:\/\/api.w.org\/{rel}","templated":true}]}}