{"id":713,"date":"2019-11-24T15:26:02","date_gmt":"2019-11-24T15:26:02","guid":{"rendered":"http:\/\/politeamadianese.com\/?page_id=713"},"modified":"2019-11-24T15:26:02","modified_gmt":"2019-11-24T15:26:02","slug":"la-stagione-del-teatro-2009","status":"publish","type":"page","link":"https:\/\/politeamadianese.com\/?page_id=713","title":{"rendered":"La Stagione Del Teatro 2009"},"content":{"rendered":"\n<figure class=\"wp-block-image\"><img loading=\"lazy\" decoding=\"async\" width=\"803\" height=\"1024\" src=\"https:\/\/politeamadianese.com\/wp-content\/uploads\/2019\/11\/Cartellone2009-803x1024.jpg\" alt=\"\" class=\"wp-image-2436\" srcset=\"https:\/\/politeamadianese.com\/wp-content\/uploads\/2019\/11\/Cartellone2009-803x1024.jpg 803w, https:\/\/politeamadianese.com\/wp-content\/uploads\/2019\/11\/Cartellone2009-235x300.jpg 235w, https:\/\/politeamadianese.com\/wp-content\/uploads\/2019\/11\/Cartellone2009-768x979.jpg 768w, https:\/\/politeamadianese.com\/wp-content\/uploads\/2019\/11\/Cartellone2009-118x150.jpg 118w, https:\/\/politeamadianese.com\/wp-content\/uploads\/2019\/11\/Cartellone2009.jpg 1264w\" sizes=\"auto, (max-width: 803px) 100vw, 803px\" \/><\/figure>\n\n\n<div id=\"content\">\n<div class=\"my_text_sezione\">\n<div class=\"my_cerca\">\n<p align=\"center\"><strong><span style=\"font-size: medium;\"><u><span style=\"color: #800000;\">PREVENDITE<\/span><\/u> <\/span><\/strong><\/p>\n<p align=\"center\"><span style=\"font-size: small;\"><strong>DIANO MARINA:&#8221;Teatro Politeama Dianese&#8221;Via Cairoli,35 &#8211; tel.0183495930<\/strong><span style=\"font-family: ItcEras-Book;\"> L&#8217;orario di Botteghino del Teatro per le prevendite sar\u00e0 dalle ore 17 alle ore 19 e durante il normale orario di apertura della sala a partire da 7 giorni prima di ogni spettacolo come specificato in Cartellone.<\/span><\/span><\/p>\n<p align=\"center\"><span style=\"font-size: small;\"><strong>IMPERIA: &#8220;Libreria La Mauriziana&#8221; Via XX Settembre, 36 &#8211; tel. 018362247<\/strong><\/span><\/p>\n<p align=\"center\"><span style=\"font-size: small;\"><strong>IMPERIA: &#8220;Cinema Imperia&#8221; Via Unione 9 &#8211; tel. 0183292745<\/strong> durante i normali orari di apertura<\/span><\/p>\n<p align=\"center\"><span style=\"font-size: small;\"><strong>IMPERIA: &#8220;Cinema Centrale&#8221; Via Cascione 52 &#8211; tel. 018363871<\/strong> durante i normali orari di apertura<\/span><\/p>\n<p align=\"center\"><span style=\"color: #800000; font-size: medium;\"><strong><u>PREZZI SINGOLA RAPPRESENTAZIONE (Posti numerati)<\/u><\/strong><\/span><\/p>\n<p align=\"center\"><span style=\"font-size: small;\"><strong>PRIMI POSTI \u20ac <span style=\"font-family: ItcEras-Book;\">20,00<\/span><\/strong><\/span><\/p>\n<p align=\"center\"><span style=\"font-size: small;\"><strong>SECONDI POSTI \u20ac <span style=\"font-family: ItcEras-Book;\">17,00<\/span><\/strong><\/span><\/p>\n<p align=\"center\"><span style=\"font-size: small;\"><strong>GALLERIA \u20ac <span style=\"font-family: ItcEras-Book;\">15,00<\/span><\/strong><\/span><\/p>\n<p align=\"center\"><span style=\"font-size: small;\"><strong>RIDOTTO GALLERIA* \u20ac <span style=\"font-family: ItcEras-Book;\">11,00<\/span><\/strong><\/span><\/p>\n<p align=\"center\"><span style=\"font-size: small;\">(*Per i giovani fino a 18 anni e gli adulti oltre i 65 anni.)<\/span><\/p>\n<p align=\"center\"><span style=\"font-size: small;\">Gli abbonati potranno avvalersi del diritto di prelazione per <\/span><span style=\"font-size: small;\">lo spettacolo non incluso nell\u2019abbonamento (&#8220;Il divo Garry&#8221;) <\/span><span style=\"font-size: small;\">entro e non oltre il 5 gennaio 2009.<\/span><\/p>\n<p align=\"center\"><span style=\"color: #800000; font-size: medium;\"><strong><u>ABBONAMENTI (Posti numerati)<\/u><\/strong><\/span><\/p>\n<p align=\"center\"><strong><span style=\"font-size: small;\">Abbonamento unico per 6 spettacoli (escluso &#8220;Il divo Garry&#8221;)<\/span><\/strong><\/p>\n<p align=\"center\"><span style=\"font-size: small;\"><strong>PRIMI POSTI \u20ac <span style=\"font-family: ItcEras-Book;\">108,00<\/span><\/strong><\/span><\/p>\n<p align=\"center\"><span style=\"font-size: small;\"><strong>SECONDI POSTI \u20ac <span style=\"font-family: ItcEras-Book;\">90,00<\/span><\/strong><\/span><\/p>\n<p align=\"center\"><span style=\"font-size: small;\"><strong>GALLERIA \u20ac <span style=\"font-family: ItcEras-Book;\">81,00<\/span><\/strong><\/span><\/p>\n<p align=\"center\"><span style=\"font-size: small;\"><strong>RIDOTTI GALLERIA \u20ac <span style=\"font-family: ItcEras-Book;\">60,00<\/span><\/strong><\/span><\/p>\n<p align=\"center\"><span style=\"font-size: small;\">Gli abbonati della Stagione 2008 hanno la possibilit\u00e0 di riconfermare la stessa poltrona. Tale diritto potr\u00e0 essere esercitato entro e non oltre il giorno 7 dicembre. Per i nuovi abbonati la prevendita inizier\u00e0 il giorno 8 dicembre.<\/span><\/p>\n<\/div>\n<\/div>\n<div class=\"my_text_foot2\"><\/div>\n<\/div>\n<div class=\"clean\"><\/div>\n<div class=\"footer\">\u00a92015 Dianorama &#8211; <a href=\"https:\/\/lvps46-163-113-20.dedicated.hosteurope.de:8443\/sitepreview\/http\/dianese.it\/index.php?p=privacy\">Privacy e regolamento<\/a> &#8211; <a class=\"_blank\" href=\"https:\/\/lvps46-163-113-20.dedicated.hosteurope.de:8443\/sitepreview\/http\/dianese.it\/admin\" target=\"_blank\" rel=\"noopener noreferrer\">Amministrazione<\/a> &#8211; Propriet\u00e0 di <a class=\"_blank\" href=\"http:\/\/www.dianorama.com\" target=\"_blank\" rel=\"noopener noreferrer\">Dianorama<\/a><\/div>","protected":false},"excerpt":{"rendered":"<p>PREVENDITE DIANO MARINA:&#8221;Teatro Politeama Dianese&#8221;Via Cairoli,35 &#8211; tel.0183495930 L&#8217;orario di Botteghino del Teatro per le prevendite sar\u00e0 dalle ore 17 alle ore 19 e durante il normale orario di apertura della sala a partire da 7 giorni prima di ogni spettacolo come specificato in Cartellone. IMPERIA: &#8220;Libreria La Mauriziana&#8221; Via \u2026 <a class=\"continue-reading-link\" href=\"https:\/\/politeamadianese.com\/?page_id=713\">Leggi tutto <span class=\"meta-nav\">&rarr; <\/span><\/a><\/p>\n","protected":false},"author":1,"featured_media":0,"parent":0,"menu_order":0,"comment_status":"closed","ping_status":"closed","template":"","meta":{"jetpack_post_was_ever_published":false,"footnotes":""},"class_list":["post-713","page","type-page","status-publish","hentry"],"jetpack_sharing_enabled":true,"jetpack_shortlink":"https:\/\/wp.me\/P6wVPA-bv","_links":{"self":[{"href":"https:\/\/politeamadianese.com\/index.php?rest_route=\/wp\/v2\/pages\/713","targetHints":{"allow":["GET"]}}],"collection":[{"href":"https:\/\/politeamadianese.com\/index.php?rest_route=\/wp\/v2\/pages"}],"about":[{"href":"https:\/\/politeamadianese.com\/index.php?rest_route=\/wp\/v2\/types\/page"}],"author":[{"embeddable":true,"href":"https:\/\/politeamadianese.com\/index.php?rest_route=\/wp\/v2\/users\/1"}],"replies":[{"embeddable":true,"href":"https:\/\/politeamadianese.com\/index.php?rest_route=%2Fwp%2Fv2%2Fcomments&post=713"}],"version-history":[{"count":3,"href":"https:\/\/politeamadianese.com\/index.php?rest_route=\/wp\/v2\/pages\/713\/revisions"}],"predecessor-version":[{"id":2437,"href":"https:\/\/politeamadianese.com\/index.php?rest_route=\/wp\/v2\/pages\/713\/revisions\/2437"}],"wp:attachment":[{"href":"https:\/\/politeamadianese.com\/index.php?rest_route=%2Fwp%2Fv2%2Fmedia&parent=713"}],"curies":[{"name":"wp","href":"https:\/\/api.w.org\/{rel}","templated":true}]}}