{"id":710,"date":"2019-11-24T15:26:40","date_gmt":"2019-11-24T15:26:40","guid":{"rendered":"http:\/\/politeamadianese.com\/?page_id=710"},"modified":"2019-11-24T15:26:55","modified_gmt":"2019-11-24T15:26:55","slug":"la-stagione-del-teatro-2008","status":"publish","type":"page","link":"https:\/\/politeamadianese.com\/?page_id=710","title":{"rendered":"La Stagione Del Teatro 2008"},"content":{"rendered":"<div id=\"content\">\n<div class=\"my_text_sezione\">\n<div class=\"my_cerca\">\n<p align=\"center\"><span style=\"color: #ff0000; font-family: Times New Roman; font-size: xx-large;\"><em><strong>LA STAGIONE DEL TEATRO<\/strong><\/em><\/span><\/p>\n<p align=\"center\"><strong><span style=\"color: #ff0000; font-family: Times New Roman; font-size: x-large;\"><em>CARTELLONE 2008<\/em><\/span><\/strong><\/p>\n<p align=\"center\"><em><u><span style=\"font-size: medium;\">Direzione Artistica <strong>Sandro Palmieri<\/strong><\/span><\/u><\/em><\/p>\n<p align=\"center\"><span style=\"color: #ff0000;\">\u2248&nbsp;\u2248 \u2248<\/span><\/p>\n<p align=\"center\"><span style=\"font-size: small;\"><em>LUN 14 GENNAIO<\/em><\/span><\/p>\n<p align=\"center\"><span style=\"color: #ff9900; font-size: x-large;\"><em><strong>PLAZA SUITE<\/strong><\/em><\/span><\/p>\n<p align=\"center\">di NEIL SIMON<\/p>\n<p align=\"center\">con CORRADO TEDESCHI, PATRIZIA LORETI, MILLY FALSINI<\/p>\n<p align=\"center\">regia di CLAUDIO INSEGNO<\/p>\n<p align=\"center\"><span style=\"color: #ff0000;\">\u2248 \u2248 \u2248<\/span><\/p>\n<p align=\"center\"><span style=\"font-size: small;\"><em>MER 30 GENNAIO<\/em><\/span><\/p>\n<p align=\"center\"><span style=\"color: #ff9900; font-size: x-large;\"><em><strong>GASTONE<\/strong><\/em><\/span><\/p>\n<p align=\"center\">di ETTORE PETROLINI<\/p>\n<p align=\"center\">con MASSIMO VENTURIELLO, TOSCA<\/p>\n<p align=\"center\">regia di MASSIMO VENTURIELLO<\/p>\n<p align=\"center\"><span style=\"color: #ff0000;\">\u2248 \u2248 \u2248<\/span><\/p>\n<p align=\"center\"><span style=\"font-size: small;\"><em>MAR 12 FEBBRAIO<\/em><\/span><\/p>\n<p align=\"center\"><span style=\"color: #ff9900; font-size: x-large;\"><em><strong>INDOVINA CHI VIENE A CENA<\/strong><\/em><\/span><\/p>\n<p align=\"center\">di WILLIAM ARTHUR ROSE<\/p>\n<p align=\"center\">con GIANFRANCO D\u2019ANGELO, IVANA MONTI<\/p>\n<p align=\"center\">regia di PATRIK ROSSI GASTALDI<\/p>\n<p align=\"center\"><span style=\"color: #ff0000;\">\u2248 \u2248 \u2248<\/span><\/p>\n<p align=\"center\"><span style=\"font-size: small;\"><em>MAR 26 FEBBRAIO<\/em><\/span><\/p>\n<p align=\"center\"><span style=\"color: #ff9900; font-size: x-large;\"><em><strong>TUTTI I SANTI GIORNI<\/strong><\/em><\/span><\/p>\n<p align=\"center\"><span style=\"color: #ff9900; font-size: x-large;\"><em><strong>(Parole per un anno)<\/strong><\/em><\/span><\/p>\n<p align=\"center\">di MICHELE SERRA<\/p>\n<p align=\"center\">con ANDREA BRAMBILLA (ZUZZURRO)<\/p>\n<p align=\"center\">regia di ANDREA BRAMBILLA<\/p>\n<p align=\"center\"><span style=\"color: #ff0000;\">\u2248 \u2248 \u2248<\/span><\/p>\n<p align=\"center\"><span style=\"font-size: small;\"><em>LUN 3 MARZO<\/em><\/span><\/p>\n<p align=\"center\"><span style=\"color: #ff9900; font-size: x-large;\"><em><strong>IL DIARIO DI EVA<\/strong><\/em><\/span><\/p>\n<p align=\"center\">di ANGELO SAVELLI<\/p>\n<p align=\"center\">con LUCIA POLI, STEFANO GRAGNANI<\/p>\n<p align=\"center\">regia di ANGELO SAVELLI<\/p>\n<p align=\"center\"><span style=\"color: #ff0000;\">\u2248 \u2248 \u2248<\/span><\/p>\n<p align=\"center\"><span style=\"font-size: small;\"><em>LUN 17 MARZO<\/em><\/span><\/p>\n<p align=\"center\"><span style=\"color: #ff9900; font-size: x-large;\"><em><strong>NIENTE SESSO SIAMO INGLESI<\/strong><\/em><\/span><\/p>\n<p align=\"center\">di A.MARRIOT e A. FOOT<\/p>\n<p align=\"center\">con PAOLA QUATTRINI, GIANFELICE IMPARATO<\/p>\n<p align=\"center\">regia di RENATO GIORDANO<\/p>\n<p align=\"center\"><span style=\"color: #ff0000;\">\u2248 \u2248 \u2248<\/span><\/p>\n<p align=\"center\"><span style=\"font-size: small;\"><em>LUN 31 MARZO<\/em><\/span><\/p>\n<p align=\"center\"><span style=\"color: #ff9900; font-size: x-large;\"><em><strong>MI VOLEVA STREHLER<\/strong><\/em><\/span><\/p>\n<p align=\"center\"><span style=\"font-size: small;\">di UMBERTO SIMONETTA e MAURIZIO MICHELI<\/span><\/p>\n<p align=\"center\"><span style=\"font-size: small;\">con MAURIZIO MICHELI<\/span><\/p>\n<p align=\"center\"><span style=\"font-size: small;\">regia di LUCA SANDRI<\/span><\/p>\n<hr>\n<p align=\"center\"><span style=\"font-family: Verdana,Arial,Helvetica,sans-serif; font-size: xx-small;\"><strong><span style=\"font-size: small;\">ABBONAMENTI<\/span><\/strong><br \/>\nABBONAMENTO UNICO per 6 spettacoli (fuori abbonamento \u201cPLAZA SUITE\u201d)<br \/>\nPrimi Posti Euro 108,00<br \/>\nSecondi Posti Euro 90,00<br \/>\nGalleria Euro 81,00<br \/>\nRidotti Galleria Euro 60,00<\/span><\/p>\n<p align=\"center\"><span style=\"font-family: Verdana,Arial,Helvetica,sans-serif; font-size: xx-small;\">Gli abbonati della Stagione 2007 hanno la possibilit\u00e0 di riconfermare la stessa poltrona. Tale diritto potr\u00e0 essere esercitato entro e non oltre il giorno 8 dicembre 2007. Per i nuovi abbonati la prevendita inizier\u00e0 il giorno 9 dicembre 2007.<\/span><\/p>\n<p>Gli abbonati potranno avvalersi del diritto di prelazione per lo spettacolo non incluso nell\u2019abbonamento (\u201cPLAZA SUITE\u201d) entro e non oltre il 7 gennaio 2008<\/p>\n<p><strong><span style=\"font-size: small;\">SINGOLA RAPPRESENTAZIONE<\/span><\/strong><br \/>\nPRIMI POSTI Euro 20,00<br \/>\nSECONDI POSTI Euro 17,00<br \/>\nGALLERIA Euro 15,00<br \/>\nPer le persone sotto i 18 anni e oltre i 65 anni<br \/>\nsar\u00e0 praticata la riduzione solo Galleria a Euro 11,00<\/p>\n<p align=\"center\"><span style=\"font-family: Verdana,Arial,Helvetica,sans-serif; font-size: xx-small;\">L\u2019orario di botteghino per le prevendite dei biglietti sar\u00e0 dalle ore 17,00 alle ore 19,00 e durante il normale orario di apertura della sala a partire da 7 giorni prima di ogni spettacolo<\/span><\/p>\n<\/div>\n<\/div>\n<div class=\"my_text_foot2\"><\/div>\n<\/div>\n<div class=\"clean\"><\/div>\n<div class=\"footer\">\u00a92015 Dianorama &#8211; <a href=\"https:\/\/lvps46-163-113-20.dedicated.hosteurope.de:8443\/sitepreview\/http\/dianese.it\/index.php?p=privacy\">Privacy e regolamento<\/a> &#8211; <a class=\"_blank\" href=\"https:\/\/lvps46-163-113-20.dedicated.hosteurope.de:8443\/sitepreview\/http\/dianese.it\/admin\" target=\"_blank\" rel=\"noopener noreferrer\">Amministrazione<\/a> &#8211; Propriet\u00e0 di <a class=\"_blank\" href=\"http:\/\/www.dianorama.com\" target=\"_blank\" rel=\"noopener noreferrer\">Dianorama<\/a><\/div>\n","protected":false},"excerpt":{"rendered":"<p>LA STAGIONE DEL TEATRO CARTELLONE 2008 Direzione Artistica Sandro Palmieri \u2248&nbsp;\u2248 \u2248 LUN 14 GENNAIO PLAZA SUITE di NEIL SIMON con CORRADO TEDESCHI, PATRIZIA LORETI, MILLY FALSINI regia di CLAUDIO INSEGNO \u2248 \u2248 \u2248 MER 30 GENNAIO GASTONE di ETTORE PETROLINI con MASSIMO VENTURIELLO, TOSCA regia di MASSIMO VENTURIELLO \u2248 \u2026 <a class=\"continue-reading-link\" href=\"https:\/\/politeamadianese.com\/?page_id=710\">Leggi tutto <span class=\"meta-nav\">&rarr; <\/span><\/a><\/p>\n","protected":false},"author":1,"featured_media":0,"parent":0,"menu_order":0,"comment_status":"closed","ping_status":"closed","template":"","meta":{"jetpack_post_was_ever_published":false,"footnotes":""},"class_list":["post-710","page","type-page","status-publish","hentry"],"jetpack_sharing_enabled":true,"jetpack_shortlink":"https:\/\/wp.me\/P6wVPA-bs","_links":{"self":[{"href":"https:\/\/politeamadianese.com\/index.php?rest_route=\/wp\/v2\/pages\/710","targetHints":{"allow":["GET"]}}],"collection":[{"href":"https:\/\/politeamadianese.com\/index.php?rest_route=\/wp\/v2\/pages"}],"about":[{"href":"https:\/\/politeamadianese.com\/index.php?rest_route=\/wp\/v2\/types\/page"}],"author":[{"embeddable":true,"href":"https:\/\/politeamadianese.com\/index.php?rest_route=\/wp\/v2\/users\/1"}],"replies":[{"embeddable":true,"href":"https:\/\/politeamadianese.com\/index.php?rest_route=%2Fwp%2Fv2%2Fcomments&post=710"}],"version-history":[{"count":4,"href":"https:\/\/politeamadianese.com\/index.php?rest_route=\/wp\/v2\/pages\/710\/revisions"}],"predecessor-version":[{"id":2439,"href":"https:\/\/politeamadianese.com\/index.php?rest_route=\/wp\/v2\/pages\/710\/revisions\/2439"}],"wp:attachment":[{"href":"https:\/\/politeamadianese.com\/index.php?rest_route=%2Fwp%2Fv2%2Fmedia&parent=710"}],"curies":[{"name":"wp","href":"https:\/\/api.w.org\/{rel}","templated":true}]}}