{"id":3270,"date":"2022-12-17T01:43:34","date_gmt":"2022-12-17T01:43:34","guid":{"rendered":"https:\/\/politeamadianese.com\/?page_id=3270"},"modified":"2022-12-17T01:43:34","modified_gmt":"2022-12-17T01:43:34","slug":"la-stagione-del-teatro-2022","status":"publish","type":"page","link":"https:\/\/politeamadianese.com\/?page_id=3270","title":{"rendered":"La Stagione Del Teatro 2022"},"content":{"rendered":"<!--more-->\r\n<blockquote><img loading=\"lazy\" decoding=\"async\" class=\"alignleft\" src=\"https:\/\/politeamadianese.com\/wp-content\/uploads\/2022\/01\/teatro-loc-2022-nuove-date.jpg\" alt=\"Questa immagine ha l'attributo alt vuoto; il nome del file \u00e8 Cartellone2020-2-724x1024.jpg\" width=\"403\" height=\"570\" \/>\r\n<div class=\"page\" title=\"Page 1\">\r\n<div class=\"layoutArea\">\r\n<div class=\"column\"><strong>Riparte &#8220;La Stagione del Teatro&#8221; al Politeama Dianese Teatro Sandro Palmieri.<\/strong> <strong>Dopo gli spostamenti di data dei primi due appuntamenti della stagione, ci siamo presi un periodo di pausa per riprogrammare tutti gli spettacoli in cartellone, non solo nuove date ma anche un nuovo spettacolo: al posto di &#8220;Giusto&#8221; di e con Rosario Lisma entra in cartellone &#8220;Coppia aperta quasi spalancata&#8221;di Dario Fo e Franca Rame con Chiara Francini e Alessandro Federico.<\/strong> <strong>Apertura della Stagione lunedi\u0300 14 marzo<\/strong><\/div>\r\n<\/div>\r\n<\/div>\r\n<div class=\"page\" title=\"Page 6\">\r\n<div class=\"layoutArea\">\r\n<div class=\"column\">\r\n<div class=\"page\" title=\"Page 1\">\r\n<div class=\"layoutArea\">\r\n<div class=\"column\"><strong>I prezzi dei biglietti e abbonamenti<\/strong> <strong>Platea primi posti<\/strong>: spettacolo singolo euro 28; abbonamento euro 96. <strong>Platea secondi posti<\/strong>: spettacolo singolo euro 24; abbonamento euro 80. <strong>Galleria<\/strong>: spettacolo singolo euro 20, ridotto euro 15; abbonamento euro 68, ridotto euro 48. Le riduzioni sono valide per i giovani sino ai 18 anni, per gli studenti universitari sino a 25 anni e per gli adulti oltre i 65 anni.<\/div>\r\n<\/div>\r\n<\/div>\r\n<div class=\"page\" title=\"Page 6\">\r\n<div class=\"layoutArea\">\r\n<div class=\"column\">\r\n<div class=\"page\" title=\"Page 6\">\r\n<div class=\"layoutArea\">\r\n<div class=\"column\">\r\n<div class=\"page\" title=\"Page 6\">\r\n<div class=\"layoutArea\">\r\n<div class=\"page\" title=\"Page 6\">\r\n<div class=\"layoutArea\">\r\n<div class=\"column\"><\/div>\r\n<div><strong>PRENOTAZIONI BIGLIETTI: 0183495930 &#8211; info@dianese.it<\/strong><\/div>\r\n<\/div>\r\n<\/div>\r\n<\/div>\r\n<\/div>\r\n<\/div>\r\n<\/div>\r\n<\/div>\r\n<\/div>\r\n<\/div>\r\n<\/div>\r\n<\/div>\r\n<\/div>\r\n<\/div><\/blockquote>\r\n\r\n<hr \/>\r\n<p align=\"CENTER\"><span style=\"color: #000000;\"><span style=\"font-size: xx-large;\"><b>CARTELLONE 2022\u00a0<\/b><\/span><\/span><\/p>\r\n\r\n\r\n<hr \/>\r\n\r\n<img loading=\"lazy\" decoding=\"async\" class=\"alignleft\" src=\"https:\/\/politeamadianese.com\/wp-content\/uploads\/2022\/01\/va-in-scena-nella\u0080\u0099ambito-del-tor-bella-monaca-teatro-festival-dal-5-al-7-agosto-le-opere-complete-di-shakespeare-in-90a\u0080\u0099-.jpg\" alt=\"Questa immagine ha l'attributo alt vuoto; il nome del file \u00e8 UnAutunnoDiFuoco.jpg\" width=\"484\" height=\"319\" \/>\r\n<h2><em><b>LUNED\u00cc 14 MARZO 2022 <\/b><\/em><em><b>ore 21:00<\/b><\/em><\/h2>\r\n<h1><b>LE OPERE COMPLETE DI SHAKESPEARE IN 90 MINUTI<\/b><\/h1>\r\n<span style=\"font-weight: 400;\">di<strong> Adam Long, Daniel Singer, Jess Winfield<\/strong> Con<strong> Fabrizio Checcacci, Roberto Andrioli, Lorenzo Degl&#8217;Innocenti <\/strong>Regia<strong> Fabrizio Checcacci, Roberto Andrioli, Lorenzo Degl&#8217;Innocenti <\/strong><\/span>\r\n<div class=\"page\" style=\"text-align: center;\" title=\"Page 3\">\r\n<div class=\"section\">\r\n<div class=\"layoutArea\">\r\n<div class=\"column\">\r\n<h6>&#8220;Le opere complete di Shakespeare in 90 minuti&#8221; \u00e8 stata replicata al Criterion Theatre di Londra per nove anni consecutivi, diventando uno degli spettacoli pi\u00f9 conosciuti al mondo. Una parodia di tutte le opere di William Shakespeare eseguita da tre soli attori che giocano con le pi\u00f9 svariate tecniche interpretative ad un ritmo forsennato. Una sfida teatrale ai limiti dell\u2019incredibile, una bizzarra immersione nel mondo shakespeariano, un omaggio divertito e divertente al grande drammaturgo.<\/h6>\r\n<\/div>\r\n<\/div>\r\n\r\n<hr \/>\r\n<p align=\"CENTER\"><img loading=\"lazy\" decoding=\"async\" class=\"alignleft\" src=\"https:\/\/politeamadianese.com\/wp-content\/uploads\/2022\/01\/alichin.jpg\" alt=\"Questa immagine ha l'attributo alt vuoto; il nome del file \u00e8 Donchisci@tte.jpg\" width=\"480\" height=\"320\" \/><\/p>\r\n\r\n<h2><em><b>LUNED\u00cc 28 MARZO 2022 <\/b><\/em><em><b>ore 21:00<\/b><\/em><\/h2>\r\n<h1><b>ALICHIN DI MALEBOLGE<\/b><\/h1>\r\n<span style=\"font-weight: 400;\"> di <strong>Enrico Bonavera<\/strong> Con<b> <strong>Enrico Bonavera<\/strong><\/b> Regia<b>\u00a0Christian Zecca<\/b><\/span>\r\n<div class=\"page\" title=\"Page 2\">\r\n<div class=\"section\">\r\n<div class=\"layoutArea\">\r\n<div class=\"column\">\r\n<h6>Enrico Bonavera \u00e8 l\u2019Arlecchino del Piccolo Teatro di Milano, l&#8217;erede del grande Ferruccio Soleri ne &#8220;L\u2019Arlecchino servitore di due padroni&#8221; di Giorgio Strehler, maestro di Maschere e Commedia dell&#8217;Arte. Lo spettacolo racconta le esilaranti peripezie di Alichino, un diavolo che, uscito dall\u2019Inferno, diventa attore di una compagnia di comici dell\u2019arte.<\/h6>\r\n<h6>In un\u2019ora e mezza scoppiettante, in un dialetto \u201cfalso lombardo-veneto\u201d, Bonavera indossa le vesti di un diavoletto furioso, ingenuo, stralunato e pasticcione, divertendosi a giocare con la fantasia col mondo della Commedia dantesca, in un viaggio esistenziale pieno di avventure paradossali, ricco di comicit\u00e0 e di splendida poesia.<\/h6>\r\n<\/div>\r\n<\/div>\r\n<\/div>\r\n<\/div>\r\n\r\n<hr \/>\r\n\r\n<img loading=\"lazy\" decoding=\"async\" class=\"alignleft\" src=\"http:\/\/aristonacqui.it\/wp-content\/uploads\/2022\/01\/Coppia-aperta-quasi-spalancata.jpg\" alt=\"Questa immagine ha l'attributo alt vuoto; il nome del file \u00e8 LaMatematica.jpg\" width=\"482\" height=\"311\" \/>\r\n<h2><em><strong>MERCOLED\u00cc 6 APRILE <\/strong><\/em><em><b>ore 21:00<\/b><\/em><\/h2>\r\n<h1><strong>COPPIA APERTA QUASI SPALANCATA <\/strong><\/h1>\r\ndi <strong>Dario Fo, Franca Rame<\/strong> Con <strong>Chiara Francini, Alessandro Federico<\/strong> Regia<strong> Alessandro Tedeschi<\/strong>\r\n<div class=\"page\" title=\"Page 4\">\r\n<div class=\"section\">\r\n<div class=\"layoutArea\">\r\n<div class=\"column\">\r\n<h6>Scritta da Dario Fo e Franca Rame, \u201cCoppia aperta\u2026quasi spalancata\u201d porta in scena la psicologia maschile e la relativa insofferenza al concetto di monogamia. In un ritmo un p\u00f2 all&#8217;inglese nel salotto di casa della coppia che scoppia si inanellano gag divertenti tra finti tentativi di suicidio con minacce di gettarsi dalla finestra e mille recriminazioni a carico del marito infedele.<\/h6>\r\n<\/div>\r\n<\/div>\r\n<\/div>\r\n<\/div>\r\n\r\n<hr \/>\r\n\r\n<img loading=\"lazy\" decoding=\"async\" class=\"alignleft\" src=\"https:\/\/politeamadianese.com\/wp-content\/uploads\/2019\/11\/Carosello.png\" alt=\"Questa immagine ha l'attributo alt vuoto; il nome del file \u00e8 Carosello.png\" width=\"515\" height=\"572\" \/>\r\n<h2><strong><span style=\"color: #ff0000;\"><i>RINVIATO A DATA DA DESTINARSI<\/i><\/span><\/strong><\/h2>\r\n<h1><strong>A NANNA DOPO CAROSELLO <\/strong><\/h1>\r\ndi <strong>Clara Costanzo<\/strong> Con <strong>Vito Molinari, Clara Costanzo<\/strong> Regia <strong>Clara Costanzo <\/strong>\r\n<h6 align=\"JUSTIFY\"><span style=\"font-family: Calibri, sans-serif;\"><span style=\"font-size: small;\">Il 3 gennaio 1954 Vito Molinari dirige la trasmissione inaugurale della televisione italiana. Da allora \u00e8 regista e autore di oltre 2000 trasmissioni tv, dai grandi variet\u00e0 del sabato sera agli sceneggiati in bianco e nero, dalle commedie ai caroselli , collaborando con tutti i pi\u00f9 grandi attori comici e le pi\u00f9 talentuose soubrette dello spettacolo. Vito ci racconta storie curiose e divertenti, aneddoti gustosi e sagaci di una tv che non esiste pi\u00f9, tra canzoni e scherzi musicali degli anni migliori dello spettacolo italiano.<\/span><\/span><\/h6>\r\n\r\n<figure class=\"wp-block-image\"><img decoding=\"async\" src=\"blob:http:\/\/aristonacqui.it\/a5019d2b-741d-46db-96ad-935c4e84479f\" alt=\"\" \/>\r\n\r\n<hr \/>\r\n\r\n<strong>PRENOTAZIONI BIGLIETTI: 0183495930 &#8211; info@dianese.it<\/strong><\/figure>\r\n<\/div>\r\n<iframe loading=\"lazy\" title=\"YouTube video player\" src=\"https:\/\/www.youtube.com\/embed\/EZuFeSswd-I\" width=\"560\" height=\"315\" frameborder=\"0\" allowfullscreen=\"allowfullscreen\"><\/iframe>\r\n\r\n<\/div>","protected":false},"excerpt":{"rendered":"","protected":false},"author":1,"featured_media":0,"parent":0,"menu_order":0,"comment_status":"closed","ping_status":"closed","template":"","meta":{"jetpack_post_was_ever_published":false,"footnotes":""},"class_list":["post-3270","page","type-page","status-publish","hentry"],"jetpack_sharing_enabled":true,"jetpack_shortlink":"https:\/\/wp.me\/P6wVPA-QK","_links":{"self":[{"href":"https:\/\/politeamadianese.com\/index.php?rest_route=\/wp\/v2\/pages\/3270","targetHints":{"allow":["GET"]}}],"collection":[{"href":"https:\/\/politeamadianese.com\/index.php?rest_route=\/wp\/v2\/pages"}],"about":[{"href":"https:\/\/politeamadianese.com\/index.php?rest_route=\/wp\/v2\/types\/page"}],"author":[{"embeddable":true,"href":"https:\/\/politeamadianese.com\/index.php?rest_route=\/wp\/v2\/users\/1"}],"replies":[{"embeddable":true,"href":"https:\/\/politeamadianese.com\/index.php?rest_route=%2Fwp%2Fv2%2Fcomments&post=3270"}],"version-history":[{"count":1,"href":"https:\/\/politeamadianese.com\/index.php?rest_route=\/wp\/v2\/pages\/3270\/revisions"}],"predecessor-version":[{"id":3271,"href":"https:\/\/politeamadianese.com\/index.php?rest_route=\/wp\/v2\/pages\/3270\/revisions\/3271"}],"wp:attachment":[{"href":"https:\/\/politeamadianese.com\/index.php?rest_route=%2Fwp%2Fv2%2Fmedia&parent=3270"}],"curies":[{"name":"wp","href":"https:\/\/api.w.org\/{rel}","templated":true}]}}