{"id":3268,"date":"2022-12-17T01:40:49","date_gmt":"2022-12-17T01:40:49","guid":{"rendered":"https:\/\/politeamadianese.com\/?page_id=3268"},"modified":"2022-12-17T01:40:49","modified_gmt":"2022-12-17T01:40:49","slug":"la-stagione-del-teatro-2023","status":"publish","type":"page","link":"https:\/\/politeamadianese.com\/?page_id=3268","title":{"rendered":"La Stagione Del Teatro 2023"},"content":{"rendered":"<p><!--more--><\/p>\n<blockquote><p><img loading=\"lazy\" decoding=\"async\" class=\"alignleft\" src=\"https:\/\/politeamadianese.com\/wp-content\/uploads\/2022\/12\/teatro-2023-locandina-scaled.jpg\" alt=\"Questa immagine ha l'attributo alt vuoto; il nome del file \u00e8 Cartellone2020-2-724x1024.jpg\" width=\"403\" height=\"570\" \/><\/p>\n<div class=\"page\" title=\"Page 1\">\n<div class=\"layoutArea\">\n<div class=\"column\">\n<p><strong><strong>Riparte &#8220;La Stagione del Teatro&#8221; edizione 2023 al Politeama Dianese Teatro Sandro Palmieri, <\/strong><\/strong><strong>con l&#8217;organizzazione di Dianorama e la direzione artistica di Clara Costanzo.<\/strong><\/p>\n<div class=\"x11i5rnm xat24cr x1mh8g0r x1vvkbs xdj266r x126k92a\">\n<div dir=\"auto\"><strong>Si comincia luned\u00ec 16 gennaio fino al 6 marzo sempre alle ore 21.00.<\/strong><\/div>\n<div dir=\"auto\"><strong>Quattro spettacoli in programma.<\/strong><\/div>\n<\/div>\n<div class=\"x11i5rnm xat24cr x1mh8g0r x1vvkbs xtlvy1s x126k92a\">\n<div dir=\"auto\"><strong>Aperte le prevendite per gli abbonamenti. Le prevendita dei biglietti per i singoli spettacoli inizier\u00e0 il 17 dicembre.<\/strong><\/div>\n<\/div>\n<\/div>\n<\/div>\n<\/div>\n<div class=\"page\" title=\"Page 6\">\n<div class=\"layoutArea\">\n<div class=\"column\">\n<div class=\"page\" title=\"Page 1\">\n<div class=\"layoutArea\">\n<div class=\"column\"><strong>I prezzi dei biglietti e abbonamenti<\/strong><\/div>\n<div class=\"column\"><strong>Platea primi posti<\/strong>:<\/div>\n<div class=\"column\">spettacolo singolo euro 20; abbonamento euro 64.<\/div>\n<div class=\"column\"><strong>Platea secondi posti<\/strong>:<\/div>\n<div class=\"column\">spettacolo singolo euro 16; abbonamento euro 52.<\/div>\n<div class=\"column\"><strong>Galleria<\/strong>: spettacolo singolo euro 14, ridotto euro 10; abbonamento euro 46, ridotto euro 34. Le riduzioni sono valide per i giovani sino ai 18 anni, per gli studenti universitari sino a 25 anni e per gli adulti oltre i 65 anni.<\/div>\n<\/div>\n<\/div>\n<div class=\"page\" title=\"Page 6\">\n<div class=\"layoutArea\">\n<div class=\"column\">\n<div class=\"page\" title=\"Page 6\">\n<div class=\"layoutArea\">\n<div class=\"column\">\n<div class=\"page\" title=\"Page 6\">\n<div class=\"layoutArea\">\n<div class=\"page\" title=\"Page 6\">\n<div class=\"layoutArea\">\n<div class=\"column\"><\/div>\n<div><strong>PRENOTAZIONI BIGLIETTI: 0183495930 &#8211; info@dianese.it<\/strong><\/div>\n<\/div>\n<\/div>\n<\/div>\n<\/div>\n<\/div>\n<\/div>\n<\/div>\n<\/div>\n<\/div>\n<\/div>\n<\/div>\n<\/div>\n<\/div>\n<\/blockquote>\n<hr \/>\n<p align=\"CENTER\"><span style=\"color: #000000;\"><span style=\"font-size: xx-large;\"><b>CARTELLONE 2023<\/b><\/span><\/span><\/p>\n<hr \/>\n<p><img loading=\"lazy\" decoding=\"async\" class=\"alignleft\" src=\"https:\/\/politeamadianese.com\/wp-content\/uploads\/2022\/12\/2021-05-27-GRANDI-COLORI-1280x720-c-default.jpg\" alt=\"Questa immagine ha l'attributo alt vuoto; il nome del file \u00e8 UnAutunnoDiFuoco.jpg\" width=\"484\" height=\"319\" \/><\/p>\n<h2 style=\"text-align: center;\"><em><b>LUNED\u00cc 16 GENNAIO <\/b><\/em><em><b>ore 21:00<\/b><\/em><\/h2>\n<h1><strong><span style=\"color: #000000;\">EINSTEIN FOREVER<\/span><\/strong><\/h1>\n<h1><strong><span style=\"color: #000000;\">La storia del pi\u00f9 grande di tutti i tempi<\/span><\/strong><\/h1>\n<h5 style=\"text-align: center;\"><em><span style=\"color: #000000;\">di e con <\/span><\/em><strong><span style=\"color: #000000;\">Gabriella Greison<\/span><\/strong><\/h5>\n<p style=\"text-align: center;\"><span style=\"color: #ffffff;\">&#8211;<\/span><\/p>\n<p style=\"text-align: center;\"><span style=\"color: #ffffff;\">&#8211;<\/span><\/p>\n<div class=\"page\" style=\"text-align: center;\" title=\"Page 3\">\n<div class=\"layoutArea\">\n<div class=\"column\">\n<p>&#8220;Einstein forever&#8221; \u00e8 il monologo di Gabriella Greison, laureata in Fisica, scrittrice, drammaturga e attrice teatrale, in cui si ripercorre la vita del pi\u00f9 grande scienziato di tutti i tempi: Albert Einstein.<br \/>\nA lui, icona pop, ancora oggi vengono inviate migliaia di lettere ogni giorno da tutte le regioni del mondo con curiosit\u00e1 di ogni genere.<br \/>\nEinstein l&#8217;incantatore di folle, il visionario, il curioso, il sognatore. &#8220;Einstein forever&#8221; \u00e8 una dichiarazione d&#8217;amore nei confronti di chi ci ha insegnato a sognare e ci permette di restare bambini per sempre.<\/p>\n<\/div>\n<\/div>\n<hr \/>\n<p align=\"CENTER\"><img loading=\"lazy\" decoding=\"async\" class=\"wp-image-3251 alignleft\" src=\"https:\/\/politeamadianese.com\/wp-content\/uploads\/2022\/12\/Senza-nome-2-300x177.jpg\" alt=\"\" width=\"478\" height=\"282\" \/><\/p>\n<h2><em><b>MARTED\u00cc 7 FEBBRAIO <\/b><\/em><em><b>ore 21:00<\/b><\/em><\/h2>\n<h1><strong><span style=\"color: #000000;\">&#8230;FINO ALLE STELLE!<\/span><\/strong><\/h1>\n<h5 class=\"section\"><em><span style=\"color: #000000;\">di e con <\/span><\/em><strong><span style=\"color: #000000;\">Agnese Fallongo, Tiziano Caputo<\/span><\/strong><\/h5>\n<h5 class=\"section\"><em><span style=\"color: #000000;\">Regia <\/span><\/em><strong><span style=\"color: #000000;\">Raffaele Latagliata<\/span><\/strong><\/h5>\n<div><span style=\"color: #ffffff;\">&#8211;<\/span><\/div>\n<div class=\"section\">\n<p><span style=\"color: #ffffff;\">&#8211;<\/span><\/p>\n<div class=\"page\" title=\"Page 2\">\n<div class=\"section\">\n<div class=\"layoutArea\">\n<div class=\"column\">\n<p>Tonino, cantastorie siciliano dall&#8217;animo poetico, musicista istrionico e affabulatore, convince<br \/>\nMaria, fanciulla dal temperamento apparentemente mite ancora ignara del suo straordinario talento, a seguirlo in un&#8217;impresa a dir poco improbabile: scalare l&#8217;intero stivale alla ricerca di fama e gloria. Un viaggio lungo tutta la penisola attraverso regioni, dialetti e leggende.<br \/>\nUna commedia musicale romantica, commovente e al contempo esilarante dal sapore tipicamente nostrano.<\/p>\n<\/div>\n<\/div>\n<\/div>\n<\/div>\n<hr \/>\n<p><img loading=\"lazy\" decoding=\"async\" class=\"wp-image-3253 alignleft\" src=\"https:\/\/politeamadianese.com\/wp-content\/uploads\/2022\/12\/Schermata-2022-12-17-alle-02.13.44-300x290.png\" alt=\"\" width=\"460\" height=\"444\" \/><\/p>\n<h2><em><strong>GIOVED\u00cc 23 FEBBRAIO <\/strong><\/em><em><b>ore 21:00<\/b><\/em><\/h2>\n<h1><strong><span style=\"color: #000000;\">A NANNA DOPO CAROSELLO<\/span><\/strong><\/h1>\n<\/div>\n<h5><span style=\"color: #000000;\"><em>di<\/em><\/span> <strong><span style=\"color: #000000;\">Clara Costanzo<\/span><\/strong><br \/>\n<span style=\"color: #000000;\"><em>con <\/em><\/span><strong><span style=\"color: #000000;\">Clara Costanzo<\/span><\/strong><br \/>\n<strong><span style=\"color: #000000;\">Francesca Rapetti (flauto, percussioni)<\/span><\/strong><br \/>\n<strong><span style=\"color: #000000;\">Roberto Izzo (violino, tastiera)<\/span><\/strong><br \/>\n<span style=\"color: #000000;\"><em>Regia <\/em><\/span><strong><span style=\"color: #000000;\">Clara Costanzo<\/span><\/strong><\/h5>\n<\/div>\n<div style=\"text-align: center;\"><span style=\"color: #ffffff;\">&#8211;<\/span><\/div>\n<div style=\"text-align: center;\"><span style=\"color: #ffffff;\">&#8211;<\/span><\/div>\n<div class=\"page\" style=\"text-align: center;\" title=\"Page 3\">\n<div class=\"section\">\n<div class=\"section\">\n<div class=\"layoutArea\">\n<div class=\"column\">\n<p>II 3 febbraio del 1957 alle 20.50 con una sigla dalla musichetta assai orecchiabile, davanti agli occhi esterrefatti degli ancor pochi spettatori del dopocena italiano, si presenta uno spettacolo nuovo e inatteso: 10 minuti di pubblicit\u00e0. Nasce cos\u00ec la pi\u00f9 duratura, la pi\u00f9 nota e la pi\u00f9 seguita delle trasmissioni televisive di tutti i tempi. Nato Carosello niente fu pi\u00f9 come prima.<br \/>\nUn allegro Amarcord tra personaggi, canzoncine e slogan al cui ricordo segue immancabilmente un sorriso anche in quelli che di quell&#8217;epoca hanno solo sentito i racconti.<\/p>\n<\/div>\n<\/div>\n<\/div>\n<hr \/>\n<h1><img loading=\"lazy\" decoding=\"async\" class=\"wp-image-3261 alignleft\" src=\"https:\/\/politeamadianese.com\/wp-content\/uploads\/2022\/12\/degli_innocenti_lorenzo_-300x200.jpg\" alt=\"\" width=\"475\" height=\"316\" \/><\/h1>\n<h1><em><strong>LUNED\u00cc 6 MARZO <\/strong><\/em><em><b>ore 21:00<\/b><\/em><\/h1>\n<h1><strong><span style=\"color: #000000;\">LA SCOMPARSA DELLE LUCCIOLE<\/span><\/strong><\/h1>\n<h1><strong><span style=\"color: #000000;\">PIER PAOLO PASOLINI<\/span><\/strong><\/h1>\n<h5><span style=\"color: #000000;\">di e con <\/span><strong><span style=\"color: #000000;\">Lorenzo Degl&#8217;Innocenti<\/span><\/strong><\/h5>\n<\/div>\n<div class=\"section\">\n<div style=\"text-align: center;\"><span style=\"color: #ffffff;\">&#8211;<\/span><\/div>\n<div style=\"text-align: center;\"><span style=\"color: #ffffff;\">&#8211;<\/span><\/div>\n<p align=\"JUSTIFY\">Dopo oltre quarant&#8217;anni dalla morte di Pier Paolo Pasolini, lo spettacolo ripercorre la sua storia, negli episodi meno conosciuti ma pi\u00f9 significativi.<br \/>\nTra letture, brani recitati del suo teatro, video e canzoni, la vita di uno straordinario poeta che ha raccontato ieri l&#8217;Italia di oggi, con dolore, lucidit\u00e0 e precisione.<br \/>\nNella sua frenetica ricerca di linguaggi sempre nuovi, Pasolini scrive canzoni, collaborando con Modugno ed Endrigo, scrive e dirige film straordinari, fa amicizia con gli intellettuali dell&#8217; epoca e con la gente di bor-gata, viaggia in compagnia di Alberto Moravia e Dacia Maraini; e poi l&#8217;impegno politico, i romanzi, gli amori impossibili, immaginati, rubati.<\/p>\n<figure class=\"wp-block-image\"><img decoding=\"async\" src=\"blob:http:\/\/aristonacqui.it\/a5019d2b-741d-46db-96ad-935c4e84479f\" alt=\"\" \/><\/p>\n<hr \/>\n<p><strong>PRENOTAZIONI BIGLIETTI: 0183495930 &#8211; info@dianese.it<\/strong><\/p>\n<p><img loading=\"lazy\" decoding=\"async\" class=\"alignnone size-full wp-image-3265\" src=\"https:\/\/politeamadianese.com\/wp-content\/uploads\/2022\/12\/Schermata-2022-12-17-alle-02.38.34.png\" alt=\"\" width=\"694\" height=\"694\" \/><img loading=\"lazy\" decoding=\"async\" class=\"alignnone size-full wp-image-3266\" src=\"https:\/\/politeamadianese.com\/wp-content\/uploads\/2022\/12\/Schermata-2022-12-17-alle-02.38.43.png\" alt=\"\" width=\"641\" height=\"515\" \/><\/figure>\n<\/div>\n<\/div>\n<div title=\"Page 3\"><\/div>\n","protected":false},"excerpt":{"rendered":"","protected":false},"author":1,"featured_media":0,"parent":0,"menu_order":0,"comment_status":"closed","ping_status":"closed","template":"","meta":{"jetpack_post_was_ever_published":false,"footnotes":""},"class_list":["post-3268","page","type-page","status-publish","hentry"],"jetpack_sharing_enabled":true,"jetpack_shortlink":"https:\/\/wp.me\/P6wVPA-QI","_links":{"self":[{"href":"https:\/\/politeamadianese.com\/index.php?rest_route=\/wp\/v2\/pages\/3268","targetHints":{"allow":["GET"]}}],"collection":[{"href":"https:\/\/politeamadianese.com\/index.php?rest_route=\/wp\/v2\/pages"}],"about":[{"href":"https:\/\/politeamadianese.com\/index.php?rest_route=\/wp\/v2\/types\/page"}],"author":[{"embeddable":true,"href":"https:\/\/politeamadianese.com\/index.php?rest_route=\/wp\/v2\/users\/1"}],"replies":[{"embeddable":true,"href":"https:\/\/politeamadianese.com\/index.php?rest_route=%2Fwp%2Fv2%2Fcomments&post=3268"}],"version-history":[{"count":1,"href":"https:\/\/politeamadianese.com\/index.php?rest_route=\/wp\/v2\/pages\/3268\/revisions"}],"predecessor-version":[{"id":3269,"href":"https:\/\/politeamadianese.com\/index.php?rest_route=\/wp\/v2\/pages\/3268\/revisions\/3269"}],"wp:attachment":[{"href":"https:\/\/politeamadianese.com\/index.php?rest_route=%2Fwp%2Fv2%2Fmedia&parent=3268"}],"curies":[{"name":"wp","href":"https:\/\/api.w.org\/{rel}","templated":true}]}}