{"id":2456,"date":"2019-11-24T16:07:28","date_gmt":"2019-11-24T16:07:28","guid":{"rendered":"http:\/\/politeamadianese.com\/?page_id=2456"},"modified":"2019-11-24T16:07:28","modified_gmt":"2019-11-24T16:07:28","slug":"la-stagione-del-teatro-2019","status":"publish","type":"page","link":"https:\/\/politeamadianese.com\/?page_id=2456","title":{"rendered":"La Stagione Del Teatro 2019"},"content":{"rendered":"\n<p style=\"text-align:center\" class=\"has-huge-font-size\"><strong>Politeama Dianese<\/strong><\/p>\n\n\n\n<p style=\"text-align:center\" class=\"has-medium-font-size\"><strong>Teatro Sandro Palmieri<\/strong><\/p>\n\n\n\n<div class=\"wp-block-image\"><figure class=\"aligncenter\"><a href=\"https:\/\/politeamadianese.com\/wp-content\/uploads\/2016\/06\/Schermata-2018-12-07-alle-15.28.17.png\"><img decoding=\"async\" src=\"https:\/\/politeamadianese.com\/wp-content\/uploads\/2016\/06\/Schermata-2018-12-07-alle-15.28.17-300x94.png\" alt=\"\" class=\"wp-image-2031\"\/><\/a><\/figure><\/div>\n\n\n\n<p style=\"text-align:center\"><strong>ABBONAMENTI<\/strong><br>ABBONAMENTO per 5 spettacoli POSTO FISSO:<br>Primi posti \u20ac 120,00<br>Secondi posti \u20ac 100,00<br>Galleria \u20ac 85,00<br>* Ridotto Galleria \u20ac 60,00<br><strong>La prevendita degli abbonamenti si svolger\u00e0 presso la biglietteria del Teatro Politeama Dianese e sar\u00e0 aperta durante l&#8217;orario di apertura del cinema.<\/strong><\/p>\n\n\n\n<p style=\"text-align:center\">Gli abbonati alla stagione 2017-18 hanno la possibilit\u00e0 di riconfermare la stessa poltrona. Tale diritto potr\u00e0 essere esercitato entro e non oltre il giorno&nbsp;22 dicembre 2018.<br>Per i nuovi abbonati la prevendita inizier\u00e0 il giorno&nbsp;23 dicembre 2018.<\/p>\n\n\n\n<p style=\"text-align:center\"><strong>BIGLIETTI<\/strong><br>Primi posti \u20ac 28,00<br>Secondi posti \u20ac 24,00<br>Galleria \u20ac 20,00<br>* Ridotto Galleria \u20ac 15,00<\/p>\n\n\n\n<p style=\"text-align:center\">* Per i giovani fino a 18 anni, studenti universitari fino a 18 anni e adulti oltre i 65 anni.<\/p>\n\n\n\n<p style=\"text-align:center\"><strong>La <\/strong><strong>prevendita dei biglietti per i singoli spettacoli inizier\u00e0 il giorno 7 gennaio 2019 presso la biglietteria del Teatro&nbsp;Dianese&nbsp;e sar\u00e0 aperta durante l&#8217;orario di apertura del cinema.<\/strong><\/p>\n\n\n\n<hr class=\"wp-block-separator is-style-wide\"\/>\n\n\n\n<p style=\"text-align:center\" class=\"has-text-color has-large-font-size has-vivid-red-color\"><strong>CARTELLONE 2019<\/strong><\/p>\n\n\n\n<hr class=\"wp-block-separator is-style-wide\"\/>\n\n\n\n<div class=\"wp-block-image\"><figure class=\"aligncenter\"><a href=\"https:\/\/politeamadianese.com\/wp-content\/uploads\/2016\/06\/rosalyn-foto-marina-alessi-poster.jpg\"><img decoding=\"async\" src=\"https:\/\/politeamadianese.com\/wp-content\/uploads\/2016\/06\/rosalyn-foto-marina-alessi-poster.jpg\" alt=\"\" class=\"wp-image-2032\"\/><\/a><\/figure><\/div>\n\n\n\n<p style=\"text-align:center\"><strong>LUNED\u00cc 21 GENNAIO 2019 ORE 21,00<\/strong><\/p>\n\n\n\n<p style=\"text-align:center\"><strong>ROSALYN<\/strong><\/p>\n\n\n\n<p style=\"text-align:center\">di EDOARDO ERBA<\/p>\n\n\n\n<p style=\"text-align:center\"><strong>Con Marina Massironi Alessandra Faiella<\/strong><\/p>\n\n\n\n<p style=\"text-align:center\"><strong>Regia di Serena Sinigaglia<\/strong><\/p>\n\n\n\n<p style=\"text-align:left\">Nel corso della presentazione del suo libro Esther, scrittrice americana, conosce Rosalyn, l&#8217;addetta alle pulizie della sala conferenze. Tra le due donne nasce una confidenza e un&#8217; intesa sorprendenti e inaspettate.<br>Avvincente, ricco di colpi di scena e sitruazioni comiche, sostenuto da una scrittura incalzante, Rosalyn \u00e8 il ritratto della solitudine e dell\u2019isolamento delle persone nella societ\u00e0 americana contemporanea. Uno spaccato su quella vita compressa e segreta pronta a esplodere, per mandare in frantumi le nostre fragili certezze. Rosalyn \u00e8 un rebus che vive e che pulsa sul palcoscenico e che la platea \u00e8 chiamata a risolvere. Una prova di intelligenza, per chi il rebus ha preso in carico di pensarlo e metterlo in scena, con la dovuta cura.<\/p>\n\n\n\n<hr class=\"wp-block-separator is-style-wide\"\/>\n\n\n\n<div class=\"wp-block-image\"><figure class=\"aligncenter\"><a href=\"https:\/\/politeamadianese.com\/wp-content\/uploads\/2016\/06\/LaCasaDiFamigli-e1543345499842.jpg\"><img decoding=\"async\" src=\"https:\/\/politeamadianese.com\/wp-content\/uploads\/2016\/06\/LaCasaDiFamigli-e1543345499842-285x300.jpg\" alt=\"\" class=\"wp-image-2033\"\/><\/a><\/figure><\/div>\n\n\n\n<p style=\"text-align:center\"><strong>LUNED\u00cc 18 FEBBRAIO 2019 ORE 21,00<\/strong><br><\/p>\n\n\n\n<p style=\"text-align:center\"><strong>LA CASA DI FAMIGLIA<\/strong><\/p>\n\n\n\n<p style=\"text-align:center\">di&nbsp;Andrea&nbsp;Maia,&nbsp;Torni&nbsp;Fornari,&nbsp;Vincenzo&nbsp;Sinopoli<\/p>\n\n\n\n<p style=\"text-align:center\"><strong>Con&nbsp;Luca Angeletti,&nbsp;Laura Ruocco,&nbsp;Toni Fornari,&nbsp;Simone Montedoro&nbsp;e&nbsp;Noemi Sferlazza&nbsp;con la partecipazione di&nbsp;Roberto mantovani<\/strong><\/p>\n\n\n\n<p style=\"text-align:center\"><strong>Regia&nbsp;Augusto Fornari<\/strong><\/p>\n\n\n\n<p style=\"text-align:left\">Dopo il grande successo nella scorsa stagione con l&#8217;esilarante \u201cFinch\u00e8 giudice non ci separi\u201d, Toni Fornari, Luca Angeletti, Simone Montedoro e Laura Ruocco tornano con la commedia \u201cLa casa di Famiglia\u201d: quattro fratelli molto diversi tra loro, che hanno in comune solo la Casa di Famiglia, dove sono nati e hanno trascorso la loro infanzia. Da anni la casa \u00e8 vuota e inutilizzata. Un giorno Alex convoca i fratelli per annunciare che ha ricevuto un\u2019offerta milionaria per cedere la casa di famiglia. Lui, che ha urgentemente bisogno di soldi, vorrebbe venderla mentre gli altri non sono d\u2019accordo. La decisione, dopo molte discussioni, viene messa ai voti. In quest\u2019atmosfera di incredulit\u00e0, riaffiorano ricordi, rancori, incomprensioni e cose mai dette che raccontano le tante sfaccettature dei rapporti familiari con gli inevitabili riflessi sentimentali e con tante sorprese e colpi di scena divertenti ed emozionanti.<br>La commedia \u00e8 estremamente divertente ma al tempo stesso, racconta emozioni e sentimenti in cui tutti possono identificarsi.<\/p>\n\n\n\n<hr class=\"wp-block-separator is-style-wide\"\/>\n\n\n\n<div class=\"wp-block-image\"><figure class=\"aligncenter\"><a href=\"https:\/\/politeamadianese.com\/wp-content\/uploads\/2016\/06\/Schermata-2018-12-07-alle-15.18.44.png\"><img decoding=\"async\" src=\"https:\/\/politeamadianese.com\/wp-content\/uploads\/2016\/06\/Schermata-2018-12-07-alle-15.18.44-286x300.png\" alt=\"\" class=\"wp-image-2034\"\/><\/a><\/figure><\/div>\n\n\n\n<p style=\"text-align:center\"><strong>MARTED\u00cc 5 MARZO 2019 ORE 21,00<br><\/strong><\/p>\n\n\n\n<p style=\"text-align:center\"><strong>CASALINGHI DISPERATI<\/strong><\/p>\n\n\n\n<p style=\"text-align:center\">di Cinzia Berni, Guido Polito<\/p>\n\n\n\n<p style=\"text-align:center\"><strong>con<\/strong><br><strong>NICOLA PISTOIA, GIANNI FERRERI, MAX PISU, DANILO BRUGIA<\/strong><\/p>\n\n\n\n<p style=\"text-align:center\"><strong>Regia Diego Ruiz<\/strong><\/p>\n\n\n\n<p>Chi l\u2019ha detto che gli uomini senza le mogli non riescono a cavarsela? Quattro uomini, separati e piuttosto al verde, si dividono un appartamento districandosi tra faccende domestiche, spese al supermercato e una difficile convivenza.<br>Casalinghi Disperati \u00e8 una commedia frizzante e coinvolgente, un ritratto divertente e scanzonato di una realt\u00e0 sociale che ultimamente \u00e8 saltata pi\u00f9 volte agli onori della cronaca.<br>Uno spettacolo esilarante che, con sguardo attento e sensibile, affronta tematiche importanti in cui tante persone si possono riconoscere.<\/p>\n\n\n\n<hr class=\"wp-block-separator is-style-wide\"\/>\n\n\n\n<div class=\"wp-block-image\"><figure class=\"aligncenter\"><a href=\"https:\/\/politeamadianese.com\/wp-content\/uploads\/2016\/06\/Tutte-a-casa-1.jpg\"><img decoding=\"async\" src=\"https:\/\/politeamadianese.com\/wp-content\/uploads\/2016\/06\/Tutte-a-casa-1.jpg\" alt=\"\" class=\"wp-image-2035\"\/><\/a><\/figure><\/div>\n\n\n\n<p style=\"text-align:center\"><strong><br><\/strong><strong>LUNED\u00cc<\/strong><strong>&nbsp;18 MARZO 2019 ORE 21,00<br><\/strong><\/p>\n\n\n\n<p style=\"text-align:center\"><strong>TUTTE A CASA<\/strong><\/p>\n\n\n\n<p style=\"text-align:center\"><strong>La guerra delle donne<\/strong><\/p>\n\n\n\n<p style=\"text-align:center\">di Giuseppe Badalucco e Franca De Angelis<\/p>\n\n\n\n<p style=\"text-align:center\"><strong>con<\/strong><br><strong>Paola Gassman<\/strong><br><strong> Mirella Mazzeranghi Paola Tiziana Cruciani<\/strong><br><strong>Claudia Campagnola, <\/strong><br><strong>Giulia Rupi<\/strong><\/p>\n\n\n\n<p style=\"text-align:center\"><strong>Regia<\/strong><br><strong>Vanessa Gasbarri<\/strong><\/p>\n\n\n\n<p>Infuria la Grande Guerra e gli uomini sono al fronte. Una ricca signora dell&#8217;alta borghesia milanese, moglie di un imprenditore prigioniero degli austriaci, decide di tenere in piedi l&#8217;azienda di famiglia, assumendo come operai, le donne del paese: la sua iniziativa \u00e8 un autentico sovvertimento &#8220;dell&#8217;ordine naturale delle cose&#8221;. Tra lotte, difficolt\u00e0, contestazioni, litigi, abbracci, sentimenti e risate la vita in fabbrica scorre veloce e densa di emozioni e le donne riscoprono la propria forza e determinazione.<br>Ma un giorno la guerra finisce e gli uomini tornano a casa. Come sar\u00e0 il ritorno a una \u201cnormalit\u00e0\u201d ormai superata?<br>Attraverso un intreccio piacevole e chiaro \u201cTutte a casa\u201d percorre il carattere di un periodo storico, la lotta per l\u2019emancipazione delle donne unita ai problemi delle classi sociali e alle idee politiche che hanno forgiato il nostro paese. Supportate da una scenografia sapiente, cangiante e azzeccata; da tipiche e commoventi canzoni dell\u2019epoca, rarissime a riascoltarsi, lo spettacolo \u00e8 movimentato, scorre in un soffio e suscita calorosi battimani.<\/p>\n\n\n\n<hr class=\"wp-block-separator is-style-wide\"\/>\n\n\n\n<p style=\"text-align:center\"><strong>LUNED\u00cc 1&nbsp;APRILE&nbsp;2019 ORE 21,00<\/strong><\/p>\n\n\n\n<div class=\"wp-block-image\"><figure class=\"aligncenter\"><a href=\"https:\/\/politeamadianese.com\/wp-content\/uploads\/2016\/06\/Schermata-2018-12-07-alle-15.30.50.png\"><img decoding=\"async\" src=\"https:\/\/politeamadianese.com\/wp-content\/uploads\/2016\/06\/Schermata-2018-12-07-alle-15.30.50-300x300.png\" alt=\"\" class=\"wp-image-2037\"\/><\/a><\/figure><\/div>\n\n\n\n<p style=\"text-align:center\"><strong>SE TELEFONANDO<\/strong><\/p>\n\n\n\n<p style=\"text-align:center\">di Clara Costanzo<\/p>\n\n\n\n<p style=\"text-align:center\"><strong>con ALESSANDRO BIANCHI, CLARA COSTANZO<\/strong><\/p>\n\n\n\n<p style=\"text-align:center\"><strong>Regia di CLARA COSTANZO<\/strong><\/p>\n\n\n\n<p>Una commedia al telefono. Lui e lei: caratteri diversi, mondi differenti ma ugualmente disordinati, caotici, reinventati, riscritti. Relazioni, coincidenze, combinazioni incredibili. Storie raccontate che si intrecciano imprevedibilmente e a tratti si inseguono per perdersi e riprendersi. Un gioco, uno scherzo, una burla, uno sguardo scanzonato e benevolo per un sorriso in pi\u00f9. E il telefono squilla ancora!<\/p>\n","protected":false},"excerpt":{"rendered":"<p>Politeama Dianese Teatro Sandro Palmieri ABBONAMENTIABBONAMENTO per 5 spettacoli POSTO FISSO:Primi posti \u20ac 120,00Secondi posti \u20ac 100,00Galleria \u20ac 85,00* Ridotto Galleria \u20ac 60,00La prevendita degli abbonamenti si svolger\u00e0 presso la biglietteria del Teatro Politeama Dianese e sar\u00e0 aperta durante l&#8217;orario di apertura del cinema. Gli abbonati alla stagione 2017-18 hanno \u2026 <a class=\"continue-reading-link\" href=\"https:\/\/politeamadianese.com\/?page_id=2456\">Leggi tutto <span class=\"meta-nav\">&rarr; <\/span><\/a><\/p>\n","protected":false},"author":1,"featured_media":0,"parent":0,"menu_order":0,"comment_status":"closed","ping_status":"closed","template":"","meta":{"jetpack_post_was_ever_published":false,"footnotes":""},"class_list":["post-2456","page","type-page","status-publish","hentry"],"jetpack_sharing_enabled":true,"jetpack_shortlink":"https:\/\/wp.me\/P6wVPA-DC","_links":{"self":[{"href":"https:\/\/politeamadianese.com\/index.php?rest_route=\/wp\/v2\/pages\/2456","targetHints":{"allow":["GET"]}}],"collection":[{"href":"https:\/\/politeamadianese.com\/index.php?rest_route=\/wp\/v2\/pages"}],"about":[{"href":"https:\/\/politeamadianese.com\/index.php?rest_route=\/wp\/v2\/types\/page"}],"author":[{"embeddable":true,"href":"https:\/\/politeamadianese.com\/index.php?rest_route=\/wp\/v2\/users\/1"}],"replies":[{"embeddable":true,"href":"https:\/\/politeamadianese.com\/index.php?rest_route=%2Fwp%2Fv2%2Fcomments&post=2456"}],"version-history":[{"count":3,"href":"https:\/\/politeamadianese.com\/index.php?rest_route=\/wp\/v2\/pages\/2456\/revisions"}],"predecessor-version":[{"id":2459,"href":"https:\/\/politeamadianese.com\/index.php?rest_route=\/wp\/v2\/pages\/2456\/revisions\/2459"}],"wp:attachment":[{"href":"https:\/\/politeamadianese.com\/index.php?rest_route=%2Fwp%2Fv2%2Fmedia&parent=2456"}],"curies":[{"name":"wp","href":"https:\/\/api.w.org\/{rel}","templated":true}]}}