{"id":2028,"date":"2018-12-07T14:52:47","date_gmt":"2018-12-07T14:52:47","guid":{"rendered":"http:\/\/politeamadianese.com\/?page_id=2028"},"modified":"2019-11-24T15:35:18","modified_gmt":"2019-11-24T15:35:18","slug":"2028-2","status":"publish","type":"page","link":"https:\/\/politeamadianese.com\/?page_id=2028","title":{"rendered":"La Stagione Del Teatro 2018"},"content":{"rendered":"<p><!--more--><\/p>\n<p align=\"center\"><span style=\"font-family: Times New Roman; font-size: xx-large;\"><big><em><strong>Politeama Dianese<\/strong><\/em><\/big><\/span><\/p>\n<p align=\"center\"><span style=\"font-family: Times New Roman; font-size: xx-large;\"><em><strong>Teatro Sandro Palmieri<\/strong><\/em><\/span><\/p>\n<p>&nbsp;<\/p>\n<p style=\"text-align: center;\"><a href=\"https:\/\/politeamadianese.com\/wp-content\/uploads\/2016\/06\/Immagine1.jpg\"><img loading=\"lazy\" decoding=\"async\" class=\"alignnone size-medium wp-image-1566\" src=\"https:\/\/politeamadianese.com\/wp-content\/uploads\/2016\/06\/Immagine1-300x115.jpg\" alt=\"Immagine\" width=\"300\" height=\"115\" srcset=\"https:\/\/politeamadianese.com\/wp-content\/uploads\/2016\/06\/Immagine1-300x115.jpg 300w, https:\/\/politeamadianese.com\/wp-content\/uploads\/2016\/06\/Immagine1-1024x392.jpg 1024w, https:\/\/politeamadianese.com\/wp-content\/uploads\/2016\/06\/Immagine1-250x96.jpg 250w, https:\/\/politeamadianese.com\/wp-content\/uploads\/2016\/06\/Immagine1-150x57.jpg 150w, https:\/\/politeamadianese.com\/wp-content\/uploads\/2016\/06\/Immagine1.jpg 1190w\" sizes=\"auto, (max-width: 300px) 100vw, 300px\" \/><\/a><\/p>\n<p><span style=\"text-decoration: underline;\"><big><strong>ABBONAMENTI<\/strong><\/big><\/span><br \/>\nABBONAMENTO per 5 spettacoli POSTO FISSO:<br \/>\nPrimi posti \u20ac 120,00<br \/>\nSecondi posti \u20ac 100,00<br \/>\nGalleria \u20ac 85,00<br \/>\n* Ridotto Galleria \u20ac 60,00<br \/>\n<strong>La prevendita degli abbonamenti si svolger\u00e0 presso la biglietteria del Teatro Politeama Dianese e sar\u00e0 aperta durante l&#8217;orario di apertura del cinema.<\/strong><\/p>\n<p>Gli abbonati alla stagione 2014 hanno la possibilit\u00e0 di riconfermare la stessa poltrona. Tale diritto potr\u00e0 essere esercitato entro e non oltre il giorno 10 dicembre 2017.<br \/>\nPer i nuovi abbonati la prevendita inizier\u00e0 il giorno 11 dicembre 2017.<strong><br \/>\n<\/strong><\/p>\n<p><span style=\"text-decoration: underline;\"><big><strong>BIGLIETTI<\/strong><\/big><\/span><br \/>\nPrimi posti \u20ac 28,00<br \/>\nSecondi posti \u20ac 24,00<br \/>\nGalleria \u20ac 20,00<br \/>\n* Ridotto Galleria \u20ac 15,00<\/p>\n<p>* Per i giovani fino a 18 anni, studenti universitari fino a 25 anni e adulti oltre i 65 anni.<\/p>\n<p><strong>La <\/strong><strong>prevendita dei biglietti per i singoli spettacoli inizier\u00e0 il giorno 8 gennaio 2018 presso la biglietteria del Teatro Ariston e sar\u00e0 aperta durante l&#8217;orario di apertura del cinema.<\/strong><\/p>\n<hr>\n<p align=\"CENTER\"><span style=\"color: #0000ff;\"><strong><span style=\"font-size: xx-large;\"><big>CARTELLONE 2018<\/big><\/span><\/strong><\/span><\/p>\n<hr>\n<p align=\"CENTER\"><strong><span style=\"color: #ff0000; font-size: X-large;\"><big>LUNEDI&#8217; 29 GENNAIO 2018 ORE 21,00<\/big><\/span><\/strong><br \/>\n<a href=\"https:\/\/politeamadianese.com\/wp-content\/uploads\/2016\/06\/SHOW1.jpg\"><img loading=\"lazy\" decoding=\"async\" class=\"alignnone size-medium wp-image-1567\" src=\"https:\/\/politeamadianese.com\/wp-content\/uploads\/2016\/06\/SHOW1-300x290.jpg\" alt=\"SHOW\" width=\"300\" height=\"290\" srcset=\"https:\/\/politeamadianese.com\/wp-content\/uploads\/2016\/06\/SHOW1-300x290.jpg 300w, https:\/\/politeamadianese.com\/wp-content\/uploads\/2016\/06\/SHOW1-155x150.jpg 155w, https:\/\/politeamadianese.com\/wp-content\/uploads\/2016\/06\/SHOW1-150x145.jpg 150w, https:\/\/politeamadianese.com\/wp-content\/uploads\/2016\/06\/SHOW1.jpg 971w\" sizes=\"auto, (max-width: 300px) 100vw, 300px\" \/><\/a><\/p>\n<p align=\"CENTER\"><span style=\"font-size: XX-large;\"><b>SHOW<\/b><\/span><br \/>\nscritto da Massimo Lopez e Tullio Solenghi<br \/>\ncon<br \/>\nMASSIMO LOPEZ, TULLIO SOLENGHI<br \/>\ncon la Jazz Company diretta dal maestro Gabriele Comeglio<\/p>\n<p align=\"JUSTIFY\">Massimo Lopez Tullio Solenghi tornano insieme sul palco dopo 15 anni, come due vecchi amici che si ritrovano, in uno <em><strong>SHOW<\/strong><\/em> di cui sono interpreti ed autori, accompagnati dalle musiche live della <strong>Jazz Company<\/strong> diretta dal maestro Gabriele Comeglio.<br \/>\nNe scaturisce una scoppiettante carrellata di voci, imitazioni, sketch, performance musicali, improvvisazioni ed interazioni col pubblico.<br \/>\nIn quasi due ore di spettacolo, Tullio e Massimo, da \u201cvecchie volpi del palcoscenico\u201d, si offrono alla platea con l\u2019empatia spassosa ed emozionale del loro inconfondibile \u201cmarchio di fabbrica\u201d.<\/p>\n<hr>\n<p style=\"text-align: center;\"><strong><span style=\"color: #ff0000; font-size: X-large;\"><big>LUNED\u00cc 12 FEBBRAIO 2018 ORE 21,00<\/big><\/span><\/strong><br \/>\n<a href=\"https:\/\/politeamadianese.com\/wp-content\/uploads\/2016\/06\/TERAPIA.jpg\"><img loading=\"lazy\" decoding=\"async\" class=\"alignnone size-medium wp-image-1568\" src=\"https:\/\/politeamadianese.com\/wp-content\/uploads\/2016\/06\/TERAPIA-300x291.jpg\" alt=\"TERAPIA\" width=\"300\" height=\"291\" srcset=\"https:\/\/politeamadianese.com\/wp-content\/uploads\/2016\/06\/TERAPIA-300x291.jpg 300w, https:\/\/politeamadianese.com\/wp-content\/uploads\/2016\/06\/TERAPIA-155x150.jpg 155w, https:\/\/politeamadianese.com\/wp-content\/uploads\/2016\/06\/TERAPIA-150x145.jpg 150w, https:\/\/politeamadianese.com\/wp-content\/uploads\/2016\/06\/TERAPIA.jpg 972w\" sizes=\"auto, (max-width: 300px) 100vw, 300px\" \/><\/a><\/p>\n<p align=\"CENTER\"><span style=\"font-size: xx-large;\"><b>TERAPIA DI GRUPPO<\/b><\/span><\/p>\n<p align=\"CENTER\"><span style=\"font-size: medium;\">di Christopher Durang<br \/>\ncon Sebastiano Colla, &nbsp;Crescenza Guarnieri, Carlo&nbsp;Lizzani, Annalisa Di Nola, Stefano Messina, Valerio Camelin<br \/>\nRegia di Stefano Messina<\/span><\/p>\n<p align=\"JUSTIFY\">Lui e lei si incontrano in un ristorante grazie ad un annuncio pubblicato sul giornale. Lui \u00e8 bisessuale con crisi di pianto e lei giornalista omofobica in cerca del principe azzurro. Il loro incontro sar\u00e0 un totale disastro. Cercheranno conforto presso i loro rispettivi analisti che si riveleranno ancor pi\u00f9 confusi dei loro pazienti.<br \/>\nCommedia cinica e divertente che, attraverso i suoi personaggi complessi e irrisolti, racconta la nevrosi della societ\u00e0 contemporanea e le piccole e grandi contraddizioni della vita quotidiana e del nostro rapporto con noi stessi e con gli altri.<br \/>\nQuesta commedia, dove echeggiano i temi cari a Woody Allen, ci suggerisce che l\u2019umorismo rimane sempre uno dei migliori antidoti ai mali del mondo<\/p>\n<p>&nbsp;<\/p>\n<hr>\n<p style=\"text-align: center;\"><strong style=\"text-align: center;\"><span style=\"color: #ff0000; font-size: X-large;\"><big>LUNED\u00cc 26 FEBBRAIO 2018 ORE 21,00<br \/>\n<a href=\"https:\/\/politeamadianese.com\/wp-content\/uploads\/2016\/06\/FINCHE.jpg\"><img loading=\"lazy\" decoding=\"async\" class=\"alignnone size-medium wp-image-1569\" src=\"https:\/\/politeamadianese.com\/wp-content\/uploads\/2016\/06\/FINCHE-300x300.jpg\" alt=\"FINCHE\" width=\"300\" height=\"300\" srcset=\"https:\/\/politeamadianese.com\/wp-content\/uploads\/2016\/06\/FINCHE-300x300.jpg 300w, https:\/\/politeamadianese.com\/wp-content\/uploads\/2016\/06\/FINCHE-150x150.jpg 150w, https:\/\/politeamadianese.com\/wp-content\/uploads\/2016\/06\/FINCHE.jpg 972w\" sizes=\"auto, (max-width: 300px) 100vw, 300px\" \/><\/a><\/big><\/span><\/strong><\/p>\n<p align=\"CENTER\"><span style=\"font-size: xx-large;\"><b>FINCHE&#8217; GIUDICE NON CI SEPARI<\/b><\/span><\/p>\n<p align=\"CENTER\"><span style=\"font-size: medium;\">di Augusto Fornari, Toni Fornari, Andrea Maia, Vincenzo Sinopoli.<br \/>\ncon<br \/>\nSimone Montedoro<br \/>\nLuca Angeletti, Augusto Fornari, Toni Fornari, Laura Ruocco<br \/>\nRegia di Augusto Fornari.<\/span><\/p>\n<p align=\"JUSTIFY\">L\u2018esilarante commedia &nbsp;racconta la storia di quattro amici alle prese con le loro mogli.<br \/>\nMassimo \u00e8 fresco di separazione, il giudice gli ha levato tutto e lo ha costretto a versare un cospicuo assegno mensile alla moglie: con quello che gli resta si pu\u00f2 solo permettere un appartamento di 35 mq, ammobiliato Ikea.<br \/>\nI tre amici gli stanno vicino per rincuorarlo, ognuno a modo suo da consigli su come affrontare la separazione e come ritornare a vivere\u2026 finch\u00e8 un\u2019avvenente vicina di casa non suoner\u00e0 alla porta.<br \/>\nFinch\u00e9 giudice non ci separi ironizza sul tema della separazione con una divertentissima vicenda piena di colpi di scena dal ritmo incalzante con risate assicurate.<\/p>\n<hr>\n<p style=\"text-align: center;\"><strong><span style=\"color: #ff0000; font-size: X-large;\"><big>MARTED\u00cc 13 MARZO 2018 ORE 21,00<br \/>\n<a href=\"https:\/\/politeamadianese.com\/wp-content\/uploads\/2016\/06\/QUI.jpg\"><img loading=\"lazy\" decoding=\"async\" class=\"alignnone size-medium wp-image-1570\" src=\"https:\/\/politeamadianese.com\/wp-content\/uploads\/2016\/06\/QUI-300x300.jpg\" alt=\"QUI\" width=\"300\" height=\"300\" srcset=\"https:\/\/politeamadianese.com\/wp-content\/uploads\/2016\/06\/QUI-300x300.jpg 300w, https:\/\/politeamadianese.com\/wp-content\/uploads\/2016\/06\/QUI-150x150.jpg 150w, https:\/\/politeamadianese.com\/wp-content\/uploads\/2016\/06\/QUI.jpg 972w\" sizes=\"auto, (max-width: 300px) 100vw, 300px\" \/><\/a><\/big><\/span><\/strong><\/p>\n<p align=\"CENTER\"><span style=\"font-size: xx-large;\"><b>QUI E ORA<\/b><\/span><\/p>\n<p style=\"text-align: center;\">scritto e diretto da Mattia Torre<br \/>\ncon Paolo Calabresi e Valerio Aprea<\/p>\n<p align=\"JUSTIFY\">Qui e Ora racconta lo scontro tra due individui sopravvissuti a un incidente tra due scooter nella periferia estrema di una grande citt\u00e0: un aspro e comico duello metropolitano tra due uomini che, pur essendo entrambi vittime della ferocia dei nostri tempi, si riconoscono come nemici: il primo ha di s\u00e9 l\u2019immagine di un uomo straordinario, ma non lo \u00e8; l\u2019altro saprebbe accontentarsi della propria ordinariet\u00e0, ma non lo far\u00e0.<br \/>\nComicit\u00e0 estrema e cinismo per raccontare il vuoto sociale e culturale dei nostri giorni, dalla penna sagace dell&#8217;eccezionale autore Mattia Torre gi\u00e0 sceneggiatore e regista della serie tv Boris.<br \/>\nIn scena due volti noti del cinema italiano in un riuscito binomio teatrale: Paolo Calabresi e Valerio Aprea.<\/p>\n<hr>\n<p style=\"text-align: center;\" align=\"JUSTIFY\"><strong><span style=\"color: #ff0000; font-size: X-large;\"><big>LUNEDI&#8217; 26 MARZO 2018 ORE 21,00<\/big><\/span><\/strong><\/p>\n<p style=\"text-align: center;\" align=\"JUSTIFY\"><a href=\"https:\/\/politeamadianese.com\/wp-content\/uploads\/2016\/06\/MAGISTRATO.jpg\"><img loading=\"lazy\" decoding=\"async\" class=\"alignnone size-medium wp-image-1571\" src=\"https:\/\/politeamadianese.com\/wp-content\/uploads\/2016\/06\/MAGISTRATO-300x300.jpg\" alt=\"MAGISTRATO\" width=\"300\" height=\"300\" srcset=\"https:\/\/politeamadianese.com\/wp-content\/uploads\/2016\/06\/MAGISTRATO-300x300.jpg 300w, https:\/\/politeamadianese.com\/wp-content\/uploads\/2016\/06\/MAGISTRATO-150x150.jpg 150w, https:\/\/politeamadianese.com\/wp-content\/uploads\/2016\/06\/MAGISTRATO.jpg 972w\" sizes=\"auto, (max-width: 300px) 100vw, 300px\" \/><\/a><\/p>\n<p align=\"CENTER\"><span style=\"font-size: xx-large;\"><b>MIO PADRE, UN MAGISTRATO<\/b><\/span><\/p>\n<p align=\"CENTER\">storia di Rocco Chinnici ucciso dalla mafia raccontata dalla figlia<br \/>\nconCLARA COSTANZO, ROBERTO IZZO<br \/>\nRegia di CLARA COSTANZO<\/p>\n<p align=\"JUSTIFY\">Il 29 Luglio 1983 a Palermo in via Pipitone Federico una Fiat126 imbottita di tritolo esplode uccidendo il magistrato Rocco Chinnici con la scorta e il portiere dello stabile dove abitava.<br \/>\nCaterina, la figlia maggiore, racconta la sua storia: uno sguardo pieno di infinito amore filiale, di stima profondissima e di emozione immensa per un pap\u00e0 che fu uomo di giustizia, integerrimo ma di grande umanit\u00e0 e marito e padre sempre presente, affettuoso e amorevole.<br \/>\nLo spettacolo ha musiche e canzoni originali eseguite dal vivo, per condurre lo spettatore attraverso un racconto che, pur nella drammaticit\u00e0 dei fatti di cronaca, si colora di grande emozione e dolce tenerezza.<\/p>\n","protected":false},"excerpt":{"rendered":"","protected":false},"author":1,"featured_media":0,"parent":1559,"menu_order":0,"comment_status":"closed","ping_status":"closed","template":"","meta":{"jetpack_post_was_ever_published":false,"footnotes":""},"class_list":["post-2028","page","type-page","status-publish","hentry"],"jetpack_sharing_enabled":true,"jetpack_shortlink":"https:\/\/wp.me\/P6wVPA-wI","_links":{"self":[{"href":"https:\/\/politeamadianese.com\/index.php?rest_route=\/wp\/v2\/pages\/2028","targetHints":{"allow":["GET"]}}],"collection":[{"href":"https:\/\/politeamadianese.com\/index.php?rest_route=\/wp\/v2\/pages"}],"about":[{"href":"https:\/\/politeamadianese.com\/index.php?rest_route=\/wp\/v2\/types\/page"}],"author":[{"embeddable":true,"href":"https:\/\/politeamadianese.com\/index.php?rest_route=\/wp\/v2\/users\/1"}],"replies":[{"embeddable":true,"href":"https:\/\/politeamadianese.com\/index.php?rest_route=%2Fwp%2Fv2%2Fcomments&post=2028"}],"version-history":[{"count":5,"href":"https:\/\/politeamadianese.com\/index.php?rest_route=\/wp\/v2\/pages\/2028\/revisions"}],"predecessor-version":[{"id":2447,"href":"https:\/\/politeamadianese.com\/index.php?rest_route=\/wp\/v2\/pages\/2028\/revisions\/2447"}],"up":[{"embeddable":true,"href":"https:\/\/politeamadianese.com\/index.php?rest_route=\/wp\/v2\/pages\/1559"}],"wp:attachment":[{"href":"https:\/\/politeamadianese.com\/index.php?rest_route=%2Fwp%2Fv2%2Fmedia&parent=2028"}],"curies":[{"name":"wp","href":"https:\/\/api.w.org\/{rel}","templated":true}]}}